{"id":126,"date":"2025-07-21T11:13:07","date_gmt":"2025-07-21T14:13:07","guid":{"rendered":"https:\/\/construfirme.com.br\/?page_id=126"},"modified":"2026-02-26T15:48:47","modified_gmt":"2026-02-26T18:48:47","slug":"contato","status":"publish","type":"page","link":"https:\/\/construfirme.com.br\/index.php\/contato\/","title":{"rendered":"Contato"},"content":{"rendered":"\t\t<div data-elementor-type=\"wp-page\" data-elementor-id=\"126\" class=\"elementor elementor-126\" data-elementor-post-type=\"page\">\n\t\t\t\t<div class=\"elementor-element elementor-element-aa0de6e e-flex e-con-boxed e-con e-parent\" data-id=\"aa0de6e\" data-element_type=\"container\" data-e-type=\"container\" data-settings=\"{&quot;background_background&quot;:&quot;classic&quot;}\">\n\t\t\t\t\t<div class=\"e-con-inner\">\n\t\t<div class=\"elementor-element elementor-element-356d345 e-flex e-con-boxed e-con e-child\" data-id=\"356d345\" data-element_type=\"container\" data-e-type=\"container\">\n\t\t\t\t\t<div class=\"e-con-inner\">\n\t\t\t\t<div class=\"elementor-element elementor-element-773c85d elementor-invisible elementor-widget elementor-widget-heading\" data-id=\"773c85d\" data-element_type=\"widget\" data-e-type=\"widget\" data-settings=\"{&quot;_animation&quot;:&quot;fadeInDown&quot;}\" data-widget_type=\"heading.default\">\n\t\t\t\t\t<h1 class=\"elementor-heading-title elementor-size-default\">Contate-nos<\/h1>\t\t\t\t<\/div>\n\t\t\t\t<div class=\"elementor-element elementor-element-47c32a0 elementor-widget__width-initial elementor-invisible elementor-widget elementor-widget-text-editor\" data-id=\"47c32a0\" data-element_type=\"widget\" data-e-type=\"widget\" data-settings=\"{&quot;_animation&quot;:&quot;fadeInUp&quot;}\" data-widget_type=\"text-editor.default\">\n\t\t\t\t\t\t\t\t\t<p>Construir n\u00e3o precisa ser complicado. Nossa equipe est\u00e1 pronta para oferecer um atendimento transparente e guiar voc\u00ea a cada passo.<\/p>\t\t\t\t\t\t\t\t<\/div>\n\t\t\t\t\t<\/div>\n\t\t\t\t<\/div>\n\t\t\t\t\t<\/div>\n\t\t\t\t<\/div>\n\t\t<div class=\"elementor-element elementor-element-3681fd7 e-flex e-con-boxed e-con e-parent\" data-id=\"3681fd7\" data-element_type=\"container\" data-e-type=\"container\">\n\t\t\t\t\t<div class=\"e-con-inner\">\n\t\t<div class=\"elementor-element elementor-element-87e968f e-con-full e-flex e-con e-child\" data-id=\"87e968f\" data-element_type=\"container\" data-e-type=\"container\">\n\t\t\t\t<div class=\"elementor-element elementor-element-3ad49f1 elementor-hidden-desktop elementor-hidden-tablet elementor-hidden-mobile elementor-hidden-laptop elementor-widget elementor-widget-heading\" data-id=\"3ad49f1\" data-element_type=\"widget\" data-e-type=\"widget\" data-widget_type=\"heading.default\">\n\t\t\t\t\t<h2 class=\"elementor-heading-title elementor-size-default\">Entre em Contato!<\/h2>\t\t\t\t<\/div>\n\t\t\t\t<div class=\"elementor-element elementor-element-d08e42d e-grid-align-left elementor-shape-circle e-grid-align-mobile-center elementor-grid-0 elementor-widget elementor-widget-social-icons\" data-id=\"d08e42d\" data-element_type=\"widget\" data-e-type=\"widget\" data-widget_type=\"social-icons.default\">\n\t\t\t\t\t\t\t<div class=\"elementor-social-icons-wrapper elementor-grid\" role=\"list\">\n\t\t\t\t\t\t\t<span class=\"elementor-grid-item\" role=\"listitem\">\n\t\t\t\t\t<a class=\"elementor-icon elementor-social-icon elementor-social-icon-facebook-f elementor-repeater-item-9fe4ca7\" href=\"https:\/\/web.facebook.com\/construfirme.construtora\" target=\"_blank\">\n\t\t\t\t\t\t<span class=\"elementor-screen-only\">Facebook-f<\/span>\n\t\t\t\t\t\t<svg aria-hidden=\"true\" class=\"e-font-icon-svg e-fab-facebook-f\" viewBox=\"0 0 320 512\" xmlns=\"http:\/\/www.w3.org\/2000\/svg\"><path d=\"M279.14 288l14.22-92.66h-88.91v-60.13c0-25.35 12.42-50.06 52.24-50.06h40.42V6.26S260.43 0 225.36 0c-73.22 0-121.08 44.38-121.08 124.72v70.62H22.89V288h81.39v224h100.17V288z\"><\/path><\/svg>\t\t\t\t\t<\/a>\n\t\t\t\t<\/span>\n\t\t\t\t\t\t\t<span class=\"elementor-grid-item\" role=\"listitem\">\n\t\t\t\t\t<a class=\"elementor-icon elementor-social-icon elementor-social-icon-youtube elementor-repeater-item-cabc634\" href=\"https:\/\/www.youtube.com\/@Construfirme\" target=\"_blank\">\n\t\t\t\t\t\t<span class=\"elementor-screen-only\">Youtube<\/span>\n\t\t\t\t\t\t<svg aria-hidden=\"true\" class=\"e-font-icon-svg e-fab-youtube\" viewBox=\"0 0 576 512\" xmlns=\"http:\/\/www.w3.org\/2000\/svg\"><path d=\"M549.655 124.083c-6.281-23.65-24.787-42.276-48.284-48.597C458.781 64 288 64 288 64S117.22 64 74.629 75.486c-23.497 6.322-42.003 24.947-48.284 48.597-11.412 42.867-11.412 132.305-11.412 132.305s0 89.438 11.412 132.305c6.281 23.65 24.787 41.5 48.284 47.821C117.22 448 288 448 288 448s170.78 0 213.371-11.486c23.497-6.321 42.003-24.171 48.284-47.821 11.412-42.867 11.412-132.305 11.412-132.305s0-89.438-11.412-132.305zm-317.51 213.508V175.185l142.739 81.205-142.739 81.201z\"><\/path><\/svg>\t\t\t\t\t<\/a>\n\t\t\t\t<\/span>\n\t\t\t\t\t\t\t<span class=\"elementor-grid-item\" role=\"listitem\">\n\t\t\t\t\t<a class=\"elementor-icon elementor-social-icon elementor-social-icon-instagram elementor-repeater-item-6ad881e\" href=\"https:\/\/www.instagram.com\/construfirme?igsh=OGpxNmpvc3phbnhq&#038;utm_source=qr\" target=\"_blank\">\n\t\t\t\t\t\t<span class=\"elementor-screen-only\">Instagram<\/span>\n\t\t\t\t\t\t<svg aria-hidden=\"true\" class=\"e-font-icon-svg e-fab-instagram\" viewBox=\"0 0 448 512\" xmlns=\"http:\/\/www.w3.org\/2000\/svg\"><path d=\"M224.1 141c-63.6 0-114.9 51.3-114.9 114.9s51.3 114.9 114.9 114.9S339 319.5 339 255.9 287.7 141 224.1 141zm0 189.6c-41.1 0-74.7-33.5-74.7-74.7s33.5-74.7 74.7-74.7 74.7 33.5 74.7 74.7-33.6 74.7-74.7 74.7zm146.4-194.3c0 14.9-12 26.8-26.8 26.8-14.9 0-26.8-12-26.8-26.8s12-26.8 26.8-26.8 26.8 12 26.8 26.8zm76.1 27.2c-1.7-35.9-9.9-67.7-36.2-93.9-26.2-26.2-58-34.4-93.9-36.2-37-2.1-147.9-2.1-184.9 0-35.8 1.7-67.6 9.9-93.9 36.1s-34.4 58-36.2 93.9c-2.1 37-2.1 147.9 0 184.9 1.7 35.9 9.9 67.7 36.2 93.9s58 34.4 93.9 36.2c37 2.1 147.9 2.1 184.9 0 35.9-1.7 67.7-9.9 93.9-36.2 26.2-26.2 34.4-58 36.2-93.9 2.1-37 2.1-147.8 0-184.8zM398.8 388c-7.8 19.6-22.9 34.7-42.6 42.6-29.5 11.7-99.5 9-132.1 9s-102.7 2.6-132.1-9c-19.6-7.8-34.7-22.9-42.6-42.6-11.7-29.5-9-99.5-9-132.1s-2.6-102.7 9-132.1c7.8-19.6 22.9-34.7 42.6-42.6 29.5-11.7 99.5-9 132.1-9s102.7-2.6 132.1 9c19.6 7.8 34.7 22.9 42.6 42.6 11.7 29.5 9 99.5 9 132.1s2.7 102.7-9 132.1z\"><\/path><\/svg>\t\t\t\t\t<\/a>\n\t\t\t\t<\/span>\n\t\t\t\t\t<\/div>\n\t\t\t\t\t\t<\/div>\n\t\t\t\t<div class=\"elementor-element elementor-element-d2a62c7 elementor-mobile-align-center elementor-icon-list--layout-traditional elementor-list-item-link-full_width elementor-widget elementor-widget-icon-list\" data-id=\"d2a62c7\" data-element_type=\"widget\" data-e-type=\"widget\" data-widget_type=\"icon-list.default\">\n\t\t\t\t\t\t\t<ul class=\"elementor-icon-list-items\">\n\t\t\t\t\t\t\t<li class=\"elementor-icon-list-item\">\n\t\t\t\t\t\t\t\t\t\t\t<span class=\"elementor-icon-list-icon\">\n\t\t\t\t\t\t\t<i aria-hidden=\"true\" class=\"icon icon-map-marker\"><\/i>\t\t\t\t\t\t<\/span>\n\t\t\t\t\t\t\t\t\t\t<span class=\"elementor-icon-list-text\">Av. Jos\u00e9 Paulino, 1586 - Nova Paul\u00ednia, Paul\u00ednia - SP, 13140-280<\/span>\n\t\t\t\t\t\t\t\t\t<\/li>\n\t\t\t\t\t\t\t\t<li class=\"elementor-icon-list-item\">\n\t\t\t\t\t\t\t\t\t\t\t<span class=\"elementor-icon-list-icon\">\n\t\t\t\t\t\t\t<i aria-hidden=\"true\" class=\"icon icon-email\"><\/i>\t\t\t\t\t\t<\/span>\n\t\t\t\t\t\t\t\t\t\t<span class=\"elementor-icon-list-text\">contato@construfirme.com.br<\/span>\n\t\t\t\t\t\t\t\t\t<\/li>\n\t\t\t\t\t\t\t\t<li class=\"elementor-icon-list-item\">\n\t\t\t\t\t\t\t\t\t\t\t<span class=\"elementor-icon-list-icon\">\n\t\t\t\t\t\t\t<i aria-hidden=\"true\" class=\"icon icon-phone1\"><\/i>\t\t\t\t\t\t<\/span>\n\t\t\t\t\t\t\t\t\t\t<span class=\"elementor-icon-list-text\">(19)99383-6454<\/span>\n\t\t\t\t\t\t\t\t\t<\/li>\n\t\t\t\t\t\t<\/ul>\n\t\t\t\t\t\t<\/div>\n\t\t\t\t<\/div>\n\t\t<div class=\"elementor-element elementor-element-c1daa78 e-con-full e-flex e-con e-child\" data-id=\"c1daa78\" data-element_type=\"container\" data-e-type=\"container\">\n\t\t\t\t<div class=\"elementor-element elementor-element-06cc842 elementor-button-align-stretch elementor-widget elementor-widget-form\" data-id=\"06cc842\" data-element_type=\"widget\" data-e-type=\"widget\" data-settings=\"{&quot;step_next_label&quot;:&quot;Next&quot;,&quot;step_previous_label&quot;:&quot;Previous&quot;,&quot;button_width&quot;:&quot;100&quot;,&quot;step_type&quot;:&quot;number_text&quot;,&quot;step_icon_shape&quot;:&quot;circle&quot;}\" data-widget_type=\"form.default\">\n\t\t\t\t\t\t\t<form class=\"elementor-form\" method=\"post\" name=\"New Form\" aria-label=\"New Form\">\n\t\t\t<input type=\"hidden\" name=\"post_id\" value=\"126\"\/>\n\t\t\t<input type=\"hidden\" name=\"form_id\" value=\"06cc842\"\/>\n\t\t\t<input type=\"hidden\" name=\"referer_title\" value=\"Construfirme\" \/>\n\n\t\t\t\n\t\t\t<div class=\"elementor-form-fields-wrapper elementor-labels-above\">\n\t\t\t\t\t\t\t\t<div class=\"elementor-field-type-text elementor-field-group elementor-column elementor-field-group-name elementor-col-100\">\n\t\t\t\t\t\t\t\t\t\t\t\t\t<input size=\"1\" type=\"text\" name=\"form_fields[name]\" id=\"form-field-name\" class=\"elementor-field elementor-size-md  elementor-field-textual\" placeholder=\"Nome\">\n\t\t\t\t\t\t\t\t\t\t\t<\/div>\n\t\t\t\t\t\t\t\t<div class=\"elementor-field-type-number elementor-field-group elementor-column elementor-field-group-field_ec92993 elementor-col-100\">\n\t\t\t\t\t\t\t\t<input type=\"number\" name=\"form_fields[field_ec92993]\" id=\"form-field-field_ec92993\" class=\"elementor-field elementor-size-md  elementor-field-textual\" placeholder=\"Telefone\" min=\"\" max=\"\" >\n\t\t\t\t\t\t<\/div>\n\t\t\t\t\t\t\t\t<div class=\"elementor-field-type-email elementor-field-group elementor-column elementor-field-group-email elementor-col-100 elementor-field-required\">\n\t\t\t\t\t\t\t\t\t\t\t\t\t<input size=\"1\" type=\"email\" name=\"form_fields[email]\" id=\"form-field-email\" class=\"elementor-field elementor-size-md  elementor-field-textual\" placeholder=\"Email\" required=\"required\">\n\t\t\t\t\t\t\t\t\t\t\t<\/div>\n\t\t\t\t\t\t\t\t<div class=\"elementor-field-type-textarea elementor-field-group elementor-column elementor-field-group-message elementor-col-100\">\n\t\t\t\t\t<textarea class=\"elementor-field-textual elementor-field  elementor-size-md\" name=\"form_fields[message]\" id=\"form-field-message\" rows=\"4\" placeholder=\"Menssagem\"><\/textarea>\t\t\t\t<\/div>\n\t\t\t\t\t\t\t\t<div class=\"elementor-field-type-acceptance elementor-field-group elementor-column elementor-field-group-field_70b4710 elementor-col-100 elementor-field-required\">\n\t\t\t\t\t\t\t<div class=\"elementor-field-subgroup\">\n\t\t\t<span class=\"elementor-field-option\">\n\t\t\t\t<input type=\"checkbox\" name=\"form_fields[field_70b4710]\" id=\"form-field-field_70b4710\" class=\"elementor-field elementor-size-md  elementor-acceptance-field\" required=\"required\">\n\t\t\t\t<label for=\"form-field-field_70b4710\">Confirmar que n\u00e3o sou um rob\u00f4.<\/label>\t\t\t<\/span>\n\t\t<\/div>\n\t\t\t\t\t\t<\/div>\n\t\t\t\t\t\t\t\t<div class=\"elementor-field-group elementor-column elementor-field-type-submit elementor-col-100 e-form__buttons\">\n\t\t\t\t\t<button class=\"elementor-button elementor-size-md\" type=\"submit\">\n\t\t\t\t\t\t<span class=\"elementor-button-content-wrapper\">\n\t\t\t\t\t\t\t\t\t\t\t\t\t\t\t\t\t\t\t\t\t\t<span class=\"elementor-button-text\">Enviar<\/span>\n\t\t\t\t\t\t\t\t\t\t\t\t\t<\/span>\n\t\t\t\t\t<\/button>\n\t\t\t\t<\/div>\n\t\t\t<\/div>\n\t\t<\/form>\n\t\t\t\t\t\t<\/div>\n\t\t\t\t<\/div>\n\t\t\t\t\t<\/div>\n\t\t\t\t<\/div>\n\t\t<div class=\"elementor-element elementor-element-09b9500 e-con-full e-flex e-con e-parent\" data-id=\"09b9500\" data-element_type=\"container\" data-e-type=\"container\">\n\t\t\t\t<div class=\"elementor-element elementor-element-63894dd elementor-widget elementor-widget-google_maps\" data-id=\"63894dd\" data-element_type=\"widget\" data-e-type=\"widget\" data-widget_type=\"google_maps.default\">\n\t\t\t\t\t\t\t<div class=\"elementor-custom-embed\">\n\t\t\t<iframe loading=\"lazy\"\n\t\t\t\t\tsrc=\"https:\/\/maps.google.com\/maps?q=Av.%20Jos%C3%A9%20Paulino%2C%201586%20-%20Nova%20Paul%C3%ADnia%2C%20Paul%C3%ADnia%20-%20SP%2C%2013140-280&#038;t=m&#038;z=9&#038;output=embed&#038;iwloc=near\"\n\t\t\t\t\ttitle=\"Av. Jos\u00e9 Paulino, 1586 - Nova Paul\u00ednia, Paul\u00ednia - SP, 13140-280\"\n\t\t\t\t\taria-label=\"Av. Jos\u00e9 Paulino, 1586 - Nova Paul\u00ednia, Paul\u00ednia - SP, 13140-280\"\n\t\t\t><\/iframe>\n\t\t<\/div>\n\t\t\t\t\t\t<\/div>\n\t\t\t\t<\/div>\n\t\t\t\t<\/div>\n\t\t","protected":false},"excerpt":{"rendered":"<p>Contate-nos Construir n\u00e3o precisa ser complicado. Nossa equipe est\u00e1 pronta para oferecer um atendimento transparente e guiar voc\u00ea a cada passo. Entre em Contato! Facebook-f Youtube Instagram Av. Jos\u00e9 Paulino, 1586 &#8211; Nova Paul\u00ednia, Paul\u00ednia &#8211; SP, 13140-280 contato@construfirme.com.br (19)99383-6454<\/p>\n","protected":false},"author":1,"featured_media":0,"parent":0,"menu_order":0,"comment_status":"closed","ping_status":"closed","template":"","meta":{"_joinchat":[],"footnotes":""},"class_list":["post-126","page","type-page","status-publish","hentry"],"yoast_head":"<!-- This site is optimized with the Yoast SEO plugin v27.5 - https:\/\/yoast.com\/product\/yoast-seo-wordpress\/ -->\n<title>Contato - Construfirme<\/title>\n<meta name=\"description\" content=\"construtora em Paul\u00ednia, constru\u00e7\u00e3o civil em Paul\u00ednia, constru\u00e7\u00e3o de casas em Paul\u00ednia, empresa de constru\u00e7\u00e3o em Paul\u00ednia, servi\u00e7o de constru\u00e7\u00e3o em Paul\u00ednia, projeto arquitet\u00f4nico em Paul\u00ednia, como construir casa em Paul\u00ednia, reformar casa em Paul\u00ednia, construir residencial em Paul\u00ednia, engenharia civil em Paul\u00ednia, construtora chave na m\u00e3o em Paul\u00ednia, construtora completa em Paul\u00ednia, gest\u00e3o de obras em Paul\u00ednia, execu\u00e7\u00e3o de obra residencial em Paul\u00ednia\" \/>\n<meta name=\"robots\" content=\"index, follow, max-snippet:-1, max-image-preview:large, max-video-preview:-1\" \/>\n<link rel=\"canonical\" href=\"https:\/\/construfirme.com.br\/index.php\/contato\/\" \/>\n<meta property=\"og:locale\" content=\"pt_BR\" \/>\n<meta property=\"og:type\" content=\"article\" \/>\n<meta property=\"og:title\" content=\"Contato - Construfirme\" \/>\n<meta property=\"og:description\" content=\"construtora em Paul\u00ednia, constru\u00e7\u00e3o civil em Paul\u00ednia, constru\u00e7\u00e3o de casas em Paul\u00ednia, empresa de constru\u00e7\u00e3o em Paul\u00ednia, servi\u00e7o de constru\u00e7\u00e3o em Paul\u00ednia, projeto arquitet\u00f4nico em Paul\u00ednia, como construir casa em Paul\u00ednia, reformar casa em Paul\u00ednia, construir residencial em Paul\u00ednia, engenharia civil em Paul\u00ednia, construtora chave na m\u00e3o em Paul\u00ednia, construtora completa em Paul\u00ednia, gest\u00e3o de obras em Paul\u00ednia, execu\u00e7\u00e3o de obra residencial em Paul\u00ednia\" \/>\n<meta property=\"og:url\" content=\"https:\/\/construfirme.com.br\/index.php\/contato\/\" \/>\n<meta property=\"og:site_name\" content=\"Construfirme\" \/>\n<meta property=\"article:publisher\" content=\"https:\/\/www.facebook.com\/construfirme.construtora\/\" \/>\n<meta property=\"article:modified_time\" content=\"2026-02-26T18:48:47+00:00\" \/>\n<meta name=\"twitter:card\" content=\"summary_large_image\" \/>\n<meta name=\"twitter:label1\" content=\"Est. tempo de leitura\" \/>\n\t<meta name=\"twitter:data1\" content=\"1 minuto\" \/>\n<script type=\"application\/ld+json\" class=\"yoast-schema-graph\">{\"@context\":\"https:\\\/\\\/schema.org\",\"@graph\":[{\"@type\":\"WebPage\",\"@id\":\"https:\\\/\\\/construfirme.com.br\\\/index.php\\\/contato\\\/\",\"url\":\"https:\\\/\\\/construfirme.com.br\\\/index.php\\\/contato\\\/\",\"name\":\"Contato - Construfirme\",\"isPartOf\":{\"@id\":\"https:\\\/\\\/construfirme.com.br\\\/#website\"},\"datePublished\":\"2025-07-21T14:13:07+00:00\",\"dateModified\":\"2026-02-26T18:48:47+00:00\",\"description\":\"construtora em Paul\u00ednia, constru\u00e7\u00e3o civil em Paul\u00ednia, constru\u00e7\u00e3o de casas em Paul\u00ednia, empresa de constru\u00e7\u00e3o em Paul\u00ednia, servi\u00e7o de constru\u00e7\u00e3o em Paul\u00ednia, projeto arquitet\u00f4nico em Paul\u00ednia, como construir casa em Paul\u00ednia, reformar casa em Paul\u00ednia, construir residencial em Paul\u00ednia, engenharia civil em Paul\u00ednia, construtora chave na m\u00e3o em Paul\u00ednia, construtora completa em Paul\u00ednia, gest\u00e3o de obras em Paul\u00ednia, execu\u00e7\u00e3o de obra residencial em Paul\u00ednia\",\"breadcrumb\":{\"@id\":\"https:\\\/\\\/construfirme.com.br\\\/index.php\\\/contato\\\/#breadcrumb\"},\"inLanguage\":\"pt-BR\",\"potentialAction\":[{\"@type\":\"ReadAction\",\"target\":[\"https:\\\/\\\/construfirme.com.br\\\/index.php\\\/contato\\\/\"]}]},{\"@type\":\"BreadcrumbList\",\"@id\":\"https:\\\/\\\/construfirme.com.br\\\/index.php\\\/contato\\\/#breadcrumb\",\"itemListElement\":[{\"@type\":\"ListItem\",\"position\":1,\"name\":\"In\u00edcio\",\"item\":\"https:\\\/\\\/construfirme.com.br\\\/\"},{\"@type\":\"ListItem\",\"position\":2,\"name\":\"Contato\"}]},{\"@type\":\"WebSite\",\"@id\":\"https:\\\/\\\/construfirme.com.br\\\/#website\",\"url\":\"https:\\\/\\\/construfirme.com.br\\\/\",\"name\":\"Construfirme\",\"description\":\"\",\"publisher\":{\"@id\":\"https:\\\/\\\/construfirme.com.br\\\/#organization\"},\"potentialAction\":[{\"@type\":\"SearchAction\",\"target\":{\"@type\":\"EntryPoint\",\"urlTemplate\":\"https:\\\/\\\/construfirme.com.br\\\/?s={search_term_string}\"},\"query-input\":{\"@type\":\"PropertyValueSpecification\",\"valueRequired\":true,\"valueName\":\"search_term_string\"}}],\"inLanguage\":\"pt-BR\"},{\"@type\":\"Organization\",\"@id\":\"https:\\\/\\\/construfirme.com.br\\\/#organization\",\"name\":\"Construfirme\",\"url\":\"https:\\\/\\\/construfirme.com.br\\\/\",\"logo\":{\"@type\":\"ImageObject\",\"inLanguage\":\"pt-BR\",\"@id\":\"https:\\\/\\\/construfirme.com.br\\\/#\\\/schema\\\/logo\\\/image\\\/\",\"url\":\"https:\\\/\\\/construfirme.com.br\\\/wp-content\\\/uploads\\\/2025\\\/07\\\/Favicon.webp\",\"contentUrl\":\"https:\\\/\\\/construfirme.com.br\\\/wp-content\\\/uploads\\\/2025\\\/07\\\/Favicon.webp\",\"width\":513,\"height\":513,\"caption\":\"Construfirme\"},\"image\":{\"@id\":\"https:\\\/\\\/construfirme.com.br\\\/#\\\/schema\\\/logo\\\/image\\\/\"},\"sameAs\":[\"https:\\\/\\\/www.facebook.com\\\/construfirme.construtora\\\/\"]}]}<\/script>\n<!-- \/ Yoast SEO plugin. -->","yoast_head_json":{"title":"Contato - Construfirme","description":"construtora em Paul\u00ednia, constru\u00e7\u00e3o civil em Paul\u00ednia, constru\u00e7\u00e3o de casas em Paul\u00ednia, empresa de constru\u00e7\u00e3o em Paul\u00ednia, servi\u00e7o de constru\u00e7\u00e3o em Paul\u00ednia, projeto arquitet\u00f4nico em Paul\u00ednia, como construir casa em Paul\u00ednia, reformar casa em Paul\u00ednia, construir residencial em Paul\u00ednia, engenharia civil em Paul\u00ednia, construtora chave na m\u00e3o em Paul\u00ednia, construtora completa em Paul\u00ednia, gest\u00e3o de obras em Paul\u00ednia, execu\u00e7\u00e3o de obra residencial em Paul\u00ednia","robots":{"index":"index","follow":"follow","max-snippet":"max-snippet:-1","max-image-preview":"max-image-preview:large","max-video-preview":"max-video-preview:-1"},"canonical":"https:\/\/construfirme.com.br\/index.php\/contato\/","og_locale":"pt_BR","og_type":"article","og_title":"Contato - Construfirme","og_description":"construtora em Paul\u00ednia, constru\u00e7\u00e3o civil em Paul\u00ednia, constru\u00e7\u00e3o de casas em Paul\u00ednia, empresa de constru\u00e7\u00e3o em Paul\u00ednia, servi\u00e7o de constru\u00e7\u00e3o em Paul\u00ednia, projeto arquitet\u00f4nico em Paul\u00ednia, como construir casa em Paul\u00ednia, reformar casa em Paul\u00ednia, construir residencial em Paul\u00ednia, engenharia civil em Paul\u00ednia, construtora chave na m\u00e3o em Paul\u00ednia, construtora completa em Paul\u00ednia, gest\u00e3o de obras em Paul\u00ednia, execu\u00e7\u00e3o de obra residencial em Paul\u00ednia","og_url":"https:\/\/construfirme.com.br\/index.php\/contato\/","og_site_name":"Construfirme","article_publisher":"https:\/\/www.facebook.com\/construfirme.construtora\/","article_modified_time":"2026-02-26T18:48:47+00:00","twitter_card":"summary_large_image","twitter_misc":{"Est. tempo de leitura":"1 minuto"},"schema":{"@context":"https:\/\/schema.org","@graph":[{"@type":"WebPage","@id":"https:\/\/construfirme.com.br\/index.php\/contato\/","url":"https:\/\/construfirme.com.br\/index.php\/contato\/","name":"Contato - Construfirme","isPartOf":{"@id":"https:\/\/construfirme.com.br\/#website"},"datePublished":"2025-07-21T14:13:07+00:00","dateModified":"2026-02-26T18:48:47+00:00","description":"construtora em Paul\u00ednia, constru\u00e7\u00e3o civil em Paul\u00ednia, constru\u00e7\u00e3o de casas em Paul\u00ednia, empresa de constru\u00e7\u00e3o em Paul\u00ednia, servi\u00e7o de constru\u00e7\u00e3o em Paul\u00ednia, projeto arquitet\u00f4nico em Paul\u00ednia, como construir casa em Paul\u00ednia, reformar casa em Paul\u00ednia, construir residencial em Paul\u00ednia, engenharia civil em Paul\u00ednia, construtora chave na m\u00e3o em Paul\u00ednia, construtora completa em Paul\u00ednia, gest\u00e3o de obras em Paul\u00ednia, execu\u00e7\u00e3o de obra residencial em Paul\u00ednia","breadcrumb":{"@id":"https:\/\/construfirme.com.br\/index.php\/contato\/#breadcrumb"},"inLanguage":"pt-BR","potentialAction":[{"@type":"ReadAction","target":["https:\/\/construfirme.com.br\/index.php\/contato\/"]}]},{"@type":"BreadcrumbList","@id":"https:\/\/construfirme.com.br\/index.php\/contato\/#breadcrumb","itemListElement":[{"@type":"ListItem","position":1,"name":"In\u00edcio","item":"https:\/\/construfirme.com.br\/"},{"@type":"ListItem","position":2,"name":"Contato"}]},{"@type":"WebSite","@id":"https:\/\/construfirme.com.br\/#website","url":"https:\/\/construfirme.com.br\/","name":"Construfirme","description":"","publisher":{"@id":"https:\/\/construfirme.com.br\/#organization"},"potentialAction":[{"@type":"SearchAction","target":{"@type":"EntryPoint","urlTemplate":"https:\/\/construfirme.com.br\/?s={search_term_string}"},"query-input":{"@type":"PropertyValueSpecification","valueRequired":true,"valueName":"search_term_string"}}],"inLanguage":"pt-BR"},{"@type":"Organization","@id":"https:\/\/construfirme.com.br\/#organization","name":"Construfirme","url":"https:\/\/construfirme.com.br\/","logo":{"@type":"ImageObject","inLanguage":"pt-BR","@id":"https:\/\/construfirme.com.br\/#\/schema\/logo\/image\/","url":"https:\/\/construfirme.com.br\/wp-content\/uploads\/2025\/07\/Favicon.webp","contentUrl":"https:\/\/construfirme.com.br\/wp-content\/uploads\/2025\/07\/Favicon.webp","width":513,"height":513,"caption":"Construfirme"},"image":{"@id":"https:\/\/construfirme.com.br\/#\/schema\/logo\/image\/"},"sameAs":["https:\/\/www.facebook.com\/construfirme.construtora\/"]}]}},"_links":{"self":[{"href":"https:\/\/construfirme.com.br\/index.php\/wp-json\/wp\/v2\/pages\/126","targetHints":{"allow":["GET"]}}],"collection":[{"href":"https:\/\/construfirme.com.br\/index.php\/wp-json\/wp\/v2\/pages"}],"about":[{"href":"https:\/\/construfirme.com.br\/index.php\/wp-json\/wp\/v2\/types\/page"}],"author":[{"embeddable":true,"href":"https:\/\/construfirme.com.br\/index.php\/wp-json\/wp\/v2\/users\/1"}],"replies":[{"embeddable":true,"href":"https:\/\/construfirme.com.br\/index.php\/wp-json\/wp\/v2\/comments?post=126"}],"version-history":[{"count":40,"href":"https:\/\/construfirme.com.br\/index.php\/wp-json\/wp\/v2\/pages\/126\/revisions"}],"predecessor-version":[{"id":856,"href":"https:\/\/construfirme.com.br\/index.php\/wp-json\/wp\/v2\/pages\/126\/revisions\/856"}],"wp:attachment":[{"href":"https:\/\/construfirme.com.br\/index.php\/wp-json\/wp\/v2\/media?parent=126"}],"curies":[{"name":"wp","href":"https:\/\/api.w.org\/{rel}","templated":true}]}}